{"id":4390,"date":"2026-02-09T16:03:18","date_gmt":"2026-02-09T16:03:18","guid":{"rendered":"https:\/\/pracownialadnychrzeczy.pl\/?post_type=product&#038;p=4390"},"modified":"2026-02-15T13:35:29","modified_gmt":"2026-02-15T13:35:29","slug":"wisiorki-na-bazie-ze-stali-chirurgicznej-karolina","status":"publish","type":"product","link":"https:\/\/pracownialadnychrzeczy.pl\/index.php\/product\/wisiorki-na-bazie-ze-stali-chirurgicznej-karolina\/","title":{"rendered":"Wisiorek na bazie ze stali chirurgicznej &#8222;KAROLINA&#8221;"},"content":{"rendered":"<p>Wisiorek na bazie ze stali chirurgicznej z serii KAROLINA.<\/p>\n<p>Wrzos zatopiony w \u017cywicy. Baza wisiorka oraz \u0142a\u0144cuszek wykonane s\u0105 ze stali chirurgicznej.<\/p>\n<p>&nbsp;<\/p>\n<p><em><small>Zdj\u0119cia maj\u0105 charakter pogl\u0105dowy. Sprzeda\u017c dotyczy produktu wykonywanego r\u0119cznie, dlatego otrzymany egzemplarz mo\u017ce nieznacznie r\u00f3\u017cni\u0107 si\u0119 detalami (uk\u0142ad element\u00f3w, odcie\u0144, naturalne cechy materia\u0142\u00f3w).<\/small><\/em><\/p>\n<p><em><small>Elementy w kolorze z\u0142otym posiadaj\u0105 pow\u0142ok\u0119 nanoszon\u0105 na stal chirurgiczn\u0105. Pow\u0142oka ta mo\u017ce z czasem naturalnie si\u0119 \u015bciera\u0107 \u2013 jest to normalny proces u\u017cytkowania i nie stanowi wady produktu.<\/small><\/em><\/p>\n<p>&nbsp;<\/p>\n","protected":false},"excerpt":{"rendered":"<p>Wisiorek na bazie ze stali chirurgicznej z serii KAROLINA.<\/p>\n<p>Wrzos zatopiony w \u017cywicy. Baza wisiorka oraz \u0142a\u0144cuszek wykonane s\u0105 ze stali chirurgicznej.<\/p>\n","protected":false},"featured_media":4393,"comment_status":"open","ping_status":"closed","template":"","meta":[],"product_brand":[],"product_cat":[70,36],"product_tag":[],"giftcard-category":[],"class_list":{"0":"post-4390","1":"product","2":"type-product","3":"status-publish","4":"has-post-thumbnail","6":"product_cat-seria-karolina","7":"product_cat-wisiorki","8":"pa_kolor-stali-chirurgicznej-srebrny","9":"pa_kolor-stali-chirurgicznej-zloty","10":"pa_rozmiar-oczka-10mm","11":"pa_rozmiar-oczka-16mm","13":"first","14":"instock","15":"shipping-taxable","16":"purchasable","17":"product-type-variable"},"_links":{"self":[{"href":"https:\/\/pracownialadnychrzeczy.pl\/index.php\/wp-json\/wp\/v2\/product\/4390","targetHints":{"allow":["GET"]}}],"collection":[{"href":"https:\/\/pracownialadnychrzeczy.pl\/index.php\/wp-json\/wp\/v2\/product"}],"about":[{"href":"https:\/\/pracownialadnychrzeczy.pl\/index.php\/wp-json\/wp\/v2\/types\/product"}],"replies":[{"embeddable":true,"href":"https:\/\/pracownialadnychrzeczy.pl\/index.php\/wp-json\/wp\/v2\/comments?post=4390"}],"wp:featuredmedia":[{"embeddable":true,"href":"https:\/\/pracownialadnychrzeczy.pl\/index.php\/wp-json\/wp\/v2\/media\/4393"}],"wp:attachment":[{"href":"https:\/\/pracownialadnychrzeczy.pl\/index.php\/wp-json\/wp\/v2\/media?parent=4390"}],"wp:term":[{"taxonomy":"product_brand","embeddable":true,"href":"https:\/\/pracownialadnychrzeczy.pl\/index.php\/wp-json\/wp\/v2\/product_brand?post=4390"},{"taxonomy":"product_cat","embeddable":true,"href":"https:\/\/pracownialadnychrzeczy.pl\/index.php\/wp-json\/wp\/v2\/product_cat?post=4390"},{"taxonomy":"product_tag","embeddable":true,"href":"https:\/\/pracownialadnychrzeczy.pl\/index.php\/wp-json\/wp\/v2\/product_tag?post=4390"},{"taxonomy":"giftcard-category","embeddable":true,"href":"https:\/\/pracownialadnychrzeczy.pl\/index.php\/wp-json\/wp\/v2\/giftcard-category?post=4390"}],"curies":[{"name":"wp","href":"https:\/\/api.w.org\/{rel}","templated":true}]}}