{"id":4474,"date":"2026-02-12T16:57:43","date_gmt":"2026-02-12T16:57:43","guid":{"rendered":"https:\/\/pracownialadnychrzeczy.pl\/?post_type=product&#038;p=4474"},"modified":"2026-03-10T20:08:22","modified_gmt":"2026-03-10T20:08:22","slug":"wisiorek-na-bazie-ze-stali-chirurgicznej-ewelina","status":"publish","type":"product","link":"https:\/\/pracownialadnychrzeczy.pl\/index.php\/product\/wisiorek-na-bazie-ze-stali-chirurgicznej-ewelina\/","title":{"rendered":"Wisiorek na bazie ze stali chirurgicznej &#8222;EWELINA&#8221;"},"content":{"rendered":"<p>Wisiorek na bazie ze stali chirurgicznej z serii EWELINA.<\/p>\n<p>Kwiat marchwi zatopiony w \u017cywicy, na czarnym tle. Baza wisiorka oraz \u0142a\u0144cuszek wykonane s\u0105 ze stali chirurgicznej.<\/p>\n<p>&nbsp;<\/p>\n<p><em><small>Zdj\u0119cia maj\u0105 charakter pogl\u0105dowy. Sprzeda\u017c dotyczy produktu wykonywanego r\u0119cznie, dlatego otrzymany egzemplarz mo\u017ce nieznacznie r\u00f3\u017cni\u0107 si\u0119 detalami (uk\u0142ad element\u00f3w, odcie\u0144, naturalne cechy materia\u0142\u00f3w).<\/small><\/em><\/p>\n<p><em><small>Elementy w kolorze z\u0142otym posiadaj\u0105 pow\u0142ok\u0119 nanoszon\u0105 na stal chirurgiczn\u0105. Pow\u0142oka ta mo\u017ce z czasem naturalnie si\u0119 \u015bciera\u0107 \u2013 jest to normalny proces u\u017cytkowania i nie stanowi wady produktu.<\/small><\/em><\/p>\n","protected":false},"excerpt":{"rendered":"<p>Wisiorek na bazie ze stali chirurgicznej z serii EWELINA.<\/p>\n<p>Kwiat marchwi zatopiony w \u017cywicy, na czarnym tle. Baza wisiorka oraz \u0142a\u0144cuszek wykonane s\u0105 ze stali chirurgicznej.<\/p>\n","protected":false},"featured_media":4500,"comment_status":"open","ping_status":"closed","template":"","meta":[],"product_brand":[],"product_cat":[89,36],"product_tag":[],"giftcard-category":[],"class_list":{"0":"post-4474","1":"product","2":"type-product","3":"status-publish","4":"has-post-thumbnail","6":"product_cat-seria-ewelina","7":"product_cat-wisiorki","8":"pa_kolor-stali-chirurgicznej-srebrny","9":"pa_kolor-stali-chirurgicznej-zloty","10":"pa_rozmiar-oczka-10mm","11":"pa_rozmiar-oczka-16mm","12":"pa_rozmiar-oczka-20mm","14":"first","15":"instock","16":"shipping-taxable","17":"purchasable","18":"product-type-variable"},"_links":{"self":[{"href":"https:\/\/pracownialadnychrzeczy.pl\/index.php\/wp-json\/wp\/v2\/product\/4474","targetHints":{"allow":["GET"]}}],"collection":[{"href":"https:\/\/pracownialadnychrzeczy.pl\/index.php\/wp-json\/wp\/v2\/product"}],"about":[{"href":"https:\/\/pracownialadnychrzeczy.pl\/index.php\/wp-json\/wp\/v2\/types\/product"}],"replies":[{"embeddable":true,"href":"https:\/\/pracownialadnychrzeczy.pl\/index.php\/wp-json\/wp\/v2\/comments?post=4474"}],"wp:featuredmedia":[{"embeddable":true,"href":"https:\/\/pracownialadnychrzeczy.pl\/index.php\/wp-json\/wp\/v2\/media\/4500"}],"wp:attachment":[{"href":"https:\/\/pracownialadnychrzeczy.pl\/index.php\/wp-json\/wp\/v2\/media?parent=4474"}],"wp:term":[{"taxonomy":"product_brand","embeddable":true,"href":"https:\/\/pracownialadnychrzeczy.pl\/index.php\/wp-json\/wp\/v2\/product_brand?post=4474"},{"taxonomy":"product_cat","embeddable":true,"href":"https:\/\/pracownialadnychrzeczy.pl\/index.php\/wp-json\/wp\/v2\/product_cat?post=4474"},{"taxonomy":"product_tag","embeddable":true,"href":"https:\/\/pracownialadnychrzeczy.pl\/index.php\/wp-json\/wp\/v2\/product_tag?post=4474"},{"taxonomy":"giftcard-category","embeddable":true,"href":"https:\/\/pracownialadnychrzeczy.pl\/index.php\/wp-json\/wp\/v2\/giftcard-category?post=4474"}],"curies":[{"name":"wp","href":"https:\/\/api.w.org\/{rel}","templated":true}]}}