{"id":4999,"date":"2026-02-21T22:40:35","date_gmt":"2026-02-21T22:40:35","guid":{"rendered":"https:\/\/pracownialadnychrzeczy.pl\/?post_type=product&#038;p=4999"},"modified":"2026-02-21T22:40:35","modified_gmt":"2026-02-21T22:40:35","slug":"bombeczki-kocanka-paproc-len-falbanka-sznurek-jutowy","status":"publish","type":"product","link":"https:\/\/pracownialadnychrzeczy.pl\/index.php\/product\/bombeczki-kocanka-paproc-len-falbanka-sznurek-jutowy\/","title":{"rendered":"Bombeczki \/ kocanka, papro\u0107, len, falbanka, sznurek jutowy"},"content":{"rendered":"<div class=\"xdj266r x14z9mp xat24cr x1lziwak x1vvkbs x126k92a\">\n<div dir=\"auto\">Akrylowe bombeczki z ciemnor\u00f3\u017cow\u0105 kocank\u0105, paproci\u0105, lnem, \u017c\u00f3\u0142t\u0105 falbank\u0105 oraz sznurkiem jutowym \ud83d\ude42<\/div>\n<div dir=\"auto\"><\/div>\n<\/div>\n<div class=\"x14z9mp xat24cr x1lziwak x1vvkbs xtlvy1s x126k92a\">\n<div dir=\"auto\">\n<p>\u015arednica bombeczki: 6cm (bez ozd\u00f3b)<\/p>\n<p>&nbsp;<\/p>\n<p><em><small>Zdj\u0119cia maj\u0105 charakter pogl\u0105dowy. Sprzeda\u017c dotyczy produktu wykonywanego r\u0119cznie, dlatego otrzymany egzemplarz mo\u017ce nieznacznie r\u00f3\u017cni\u0107 si\u0119 detalami (uk\u0142ad element\u00f3w, odcie\u0144, naturalne cechy materia\u0142\u00f3w).<\/small><\/em><\/p>\n<\/div>\n<\/div>\n","protected":false},"excerpt":{"rendered":"<div class=\"xdj266r x14z9mp xat24cr x1lziwak x1vvkbs x126k92a\">\n<div dir=\"auto\">Akrylowe bombeczki z ciemnor\u00f3\u017cow\u0105 kocank\u0105, paproci\u0105, lnem, \u017c\u00f3\u0142t\u0105 falbank\u0105 oraz sznurkiem jutowym \ud83d\ude42<\/div>\n<div dir=\"auto\"><\/div>\n<\/div>\n<div class=\"x14z9mp xat24cr x1lziwak x1vvkbs xtlvy1s x126k92a\">\n<div dir=\"auto\">\n<p>\u015arednica bombeczki: 6cm (bez ozd\u00f3b)<\/p>\n<\/div>\n<\/div>\n","protected":false},"featured_media":5002,"comment_status":"open","ping_status":"closed","template":"","meta":[],"product_brand":[],"product_cat":[37],"product_tag":[],"giftcard-category":[],"class_list":{"0":"post-4999","1":"product","2":"type-product","3":"status-publish","4":"has-post-thumbnail","6":"product_cat-bombeczki","8":"first","9":"instock","10":"shipping-taxable","11":"purchasable","12":"product-type-variable"},"_links":{"self":[{"href":"https:\/\/pracownialadnychrzeczy.pl\/index.php\/wp-json\/wp\/v2\/product\/4999","targetHints":{"allow":["GET"]}}],"collection":[{"href":"https:\/\/pracownialadnychrzeczy.pl\/index.php\/wp-json\/wp\/v2\/product"}],"about":[{"href":"https:\/\/pracownialadnychrzeczy.pl\/index.php\/wp-json\/wp\/v2\/types\/product"}],"replies":[{"embeddable":true,"href":"https:\/\/pracownialadnychrzeczy.pl\/index.php\/wp-json\/wp\/v2\/comments?post=4999"}],"wp:featuredmedia":[{"embeddable":true,"href":"https:\/\/pracownialadnychrzeczy.pl\/index.php\/wp-json\/wp\/v2\/media\/5002"}],"wp:attachment":[{"href":"https:\/\/pracownialadnychrzeczy.pl\/index.php\/wp-json\/wp\/v2\/media?parent=4999"}],"wp:term":[{"taxonomy":"product_brand","embeddable":true,"href":"https:\/\/pracownialadnychrzeczy.pl\/index.php\/wp-json\/wp\/v2\/product_brand?post=4999"},{"taxonomy":"product_cat","embeddable":true,"href":"https:\/\/pracownialadnychrzeczy.pl\/index.php\/wp-json\/wp\/v2\/product_cat?post=4999"},{"taxonomy":"product_tag","embeddable":true,"href":"https:\/\/pracownialadnychrzeczy.pl\/index.php\/wp-json\/wp\/v2\/product_tag?post=4999"},{"taxonomy":"giftcard-category","embeddable":true,"href":"https:\/\/pracownialadnychrzeczy.pl\/index.php\/wp-json\/wp\/v2\/giftcard-category?post=4999"}],"curies":[{"name":"wp","href":"https:\/\/api.w.org\/{rel}","templated":true}]}}