{"id":5251,"date":"2026-02-23T21:06:36","date_gmt":"2026-02-23T21:06:36","guid":{"rendered":"https:\/\/pracownialadnychrzeczy.pl\/?post_type=product&#038;p=5251"},"modified":"2026-02-23T21:06:36","modified_gmt":"2026-02-23T21:06:36","slug":"wisiorek-w-ksztalcie-serca-10","status":"publish","type":"product","link":"https:\/\/pracownialadnychrzeczy.pl\/index.php\/product\/wisiorek-w-ksztalcie-serca-10\/","title":{"rendered":"Wisiorek w kszta\u0142cie serca"},"content":{"rendered":"<p>Wisiorek w kszta\u0142cie serca \ud83d\ude42<\/p>\n<p>Fio\u0142ek i bia\u0142a kalina zatopione w \u017cywicy<\/p>\n<p><span class=\"x193iq5w xeuugli x13faqbe x1vvkbs x1xmvt09 x1lliihq x1s928wv xhkezso x1gmr53x x1cpjm7i x1fgarty x1943h6x xudqn12 x3x7a5m x6prxxf xvq8zen xo1l8bm xzsf02u\" dir=\"auto\">Wysoko\u015b\u0107 serduszka &#8211; oko\u0142o 2,5 cm<\/span><\/p>\n<p>Wyko\u0144czenie &#8211; stal chirurgiczna srebrna<\/p>\n<p>&nbsp;<\/p>\n<p><small><em><span class=\"html-span xdj266r x14z9mp xat24cr x1lziwak xexx8yu xyri2b x18d9i69 x1c1uobl x1hl2dhg x16tdsg8 x1vvkbs x4k7w5x x1h91t0o x1h9r5lt x1jfb8zj xv2umb2 x1beo9mf xaigb6o x12ejxvf x3igimt xarpa2k xedcshv x1lytzrv x1t2pt76 x7ja8zs x1qrby5j\"><span class=\"x193iq5w xeuugli x13faqbe x1vvkbs x1xmvt09 x1lliihq x1s928wv xhkezso x1gmr53x x1cpjm7i x1fgarty x1943h6x xudqn12 x3x7a5m x6prxxf xvq8zen xo1l8bm x14ctfv\" dir=\"auto\">Sprzeda\u017c dotyczy egzemplarza widocznego na zdj\u0119ciach.<\/span><\/span><\/em><\/small><\/p>\n","protected":false},"excerpt":{"rendered":"<p>Wisiorek w kszta\u0142cie serca \ud83d\ude42<\/p>\n<p>Fio\u0142ek i bia\u0142a kalina zatopione w \u017cywicy<\/p>\n<p><span class=\"x193iq5w xeuugli x13faqbe x1vvkbs x1xmvt09 x1lliihq x1s928wv xhkezso x1gmr53x x1cpjm7i x1fgarty x1943h6x xudqn12 x3x7a5m x6prxxf xvq8zen xo1l8bm xzsf02u\" dir=\"auto\">Wysoko\u015b\u0107 serduszka &#8211; oko\u0142o 2,5 cm<\/span><\/p>\n<p>Wyko\u0144czenie &#8211; stal chirurgiczna srebrna<\/p>\n<p><small><em><span class=\"html-span xdj266r x14z9mp xat24cr x1lziwak xexx8yu xyri2b x18d9i69 x1c1uobl x1hl2dhg x16tdsg8 x1vvkbs x4k7w5x x1h91t0o x1h9r5lt x1jfb8zj xv2umb2 x1beo9mf xaigb6o x12ejxvf x3igimt xarpa2k xedcshv x1lytzrv x1t2pt76 x7ja8zs x1qrby5j\"><span class=\"x193iq5w xeuugli x13faqbe x1vvkbs x1xmvt09 x1lliihq x1s928wv xhkezso x1gmr53x x1cpjm7i x1fgarty x1943h6x xudqn12 x3x7a5m x6prxxf xvq8zen xo1l8bm x14ctfv\" dir=\"auto\">Sprzeda\u017c dotyczy egzemplarza widocznego na zdj\u0119ciach.<\/span><\/span><\/em><\/small><\/p>\n","protected":false},"featured_media":5253,"comment_status":"open","ping_status":"closed","template":"","meta":[],"product_brand":[],"product_cat":[120],"product_tag":[],"giftcard-category":[],"class_list":{"0":"post-5251","1":"product","2":"type-product","3":"status-publish","4":"has-post-thumbnail","6":"product_cat-wisiorki-serduszka","8":"first","9":"instock","10":"sold-individually","11":"shipping-taxable","12":"purchasable","13":"product-type-variable"},"_links":{"self":[{"href":"https:\/\/pracownialadnychrzeczy.pl\/index.php\/wp-json\/wp\/v2\/product\/5251","targetHints":{"allow":["GET"]}}],"collection":[{"href":"https:\/\/pracownialadnychrzeczy.pl\/index.php\/wp-json\/wp\/v2\/product"}],"about":[{"href":"https:\/\/pracownialadnychrzeczy.pl\/index.php\/wp-json\/wp\/v2\/types\/product"}],"replies":[{"embeddable":true,"href":"https:\/\/pracownialadnychrzeczy.pl\/index.php\/wp-json\/wp\/v2\/comments?post=5251"}],"wp:featuredmedia":[{"embeddable":true,"href":"https:\/\/pracownialadnychrzeczy.pl\/index.php\/wp-json\/wp\/v2\/media\/5253"}],"wp:attachment":[{"href":"https:\/\/pracownialadnychrzeczy.pl\/index.php\/wp-json\/wp\/v2\/media?parent=5251"}],"wp:term":[{"taxonomy":"product_brand","embeddable":true,"href":"https:\/\/pracownialadnychrzeczy.pl\/index.php\/wp-json\/wp\/v2\/product_brand?post=5251"},{"taxonomy":"product_cat","embeddable":true,"href":"https:\/\/pracownialadnychrzeczy.pl\/index.php\/wp-json\/wp\/v2\/product_cat?post=5251"},{"taxonomy":"product_tag","embeddable":true,"href":"https:\/\/pracownialadnychrzeczy.pl\/index.php\/wp-json\/wp\/v2\/product_tag?post=5251"},{"taxonomy":"giftcard-category","embeddable":true,"href":"https:\/\/pracownialadnychrzeczy.pl\/index.php\/wp-json\/wp\/v2\/giftcard-category?post=5251"}],"curies":[{"name":"wp","href":"https:\/\/api.w.org\/{rel}","templated":true}]}}