{"id":5334,"date":"2026-03-01T21:36:34","date_gmt":"2026-03-01T21:36:34","guid":{"rendered":"https:\/\/pracownialadnychrzeczy.pl\/?post_type=product&#038;p=5334"},"modified":"2026-03-01T21:36:34","modified_gmt":"2026-03-01T21:36:34","slug":"sztyfty-listek-bluszcz-9","status":"publish","type":"product","link":"https:\/\/pracownialadnychrzeczy.pl\/index.php\/product\/sztyfty-listek-bluszcz-9\/","title":{"rendered":"Sztyfty \u201eLISTEK\u201d (bluszcz)"},"content":{"rendered":"<div class=\"woocommerce-product-details__short-description\">\n<p>Kolczyki sztyfty z serii LISTEK.<\/p>\n<p>Li\u015bcie bluszczu zatopione w \u017cywicy w swoim naturalnym kszta\u0142cie. Sztyft wykonany jest ze stali chirurgicznej w kolorze z\u0142otym.<\/p>\n<p>Wysoko\u015b\u0107 listka &#8211; oko\u0142o 20mm<\/p>\n<p><span class=\"x193iq5w xeuugli x13faqbe x1vvkbs x1xmvt09 x1lliihq x1s928wv xhkezso x1gmr53x x1cpjm7i x1fgarty x1943h6x xudqn12 x3x7a5m x6prxxf xvq8zen xo1l8bm xzsf02u\" dir=\"auto\">W zestawie znajdziesz dwa komplety silikonowych zatyczek <img decoding=\"async\" class=\"emoji\" role=\"img\" draggable=\"false\" src=\"https:\/\/s.w.org\/images\/core\/emoji\/17.0.2\/svg\/1f642.svg\" alt=\"\ud83d\ude42\" \/><\/span><\/p>\n<\/div>\n<p>&nbsp;<\/p>\n<p><small><em><span class=\"html-span xdj266r x14z9mp xat24cr x1lziwak xexx8yu xyri2b x18d9i69 x1c1uobl x1hl2dhg x16tdsg8 x1vvkbs x4k7w5x x1h91t0o x1h9r5lt x1jfb8zj xv2umb2 x1beo9mf xaigb6o x12ejxvf x3igimt xarpa2k xedcshv x1lytzrv x1t2pt76 x7ja8zs x1qrby5j\"><span class=\"x193iq5w xeuugli x13faqbe x1vvkbs x1xmvt09 x1lliihq x1s928wv xhkezso x1gmr53x x1cpjm7i x1fgarty x1943h6x xudqn12 x3x7a5m x6prxxf xvq8zen xo1l8bm x14ctfv\" dir=\"auto\">Sprzeda\u017c dotyczy egzemplarza widocznego na zdj\u0119ciu<\/span><\/span><\/em><\/small><\/p>\n<p><em><small>Elementy w kolorze z\u0142otym posiadaj\u0105 pow\u0142ok\u0119 nanoszon\u0105 na stal chirurgiczn\u0105. Pow\u0142oka ta mo\u017ce z czasem naturalnie si\u0119 \u015bciera\u0107 \u2013 jest to normalny proces u\u017cytkowania i nie stanowi wady produktu.<\/small><\/em><\/p>\n","protected":false},"excerpt":{"rendered":"<div class=\"woocommerce-product-details__short-description\">\n<p>Kolczyki sztyfty z serii LISTEK.<\/p>\n<p>Li\u015bcie bluszczu zatopione w \u017cywicy w swoim naturalnym kszta\u0142cie. Sztyft wykonany jest ze stali chirurgicznej w kolorze z\u0142otym.<\/p>\n<p>Wysoko\u015b\u0107 listka &#8211; oko\u0142o 20mm<\/p>\n<p><span class=\"x193iq5w xeuugli x13faqbe x1vvkbs x1xmvt09 x1lliihq x1s928wv xhkezso x1gmr53x x1cpjm7i x1fgarty x1943h6x xudqn12 x3x7a5m x6prxxf xvq8zen xo1l8bm xzsf02u\" dir=\"auto\">W zestawie znajdziesz dwa komplety silikonowych zatyczek <img decoding=\"async\" class=\"emoji\" role=\"img\" draggable=\"false\" src=\"https:\/\/s.w.org\/images\/core\/emoji\/17.0.2\/svg\/1f642.svg\" alt=\"\ud83d\ude42\" \/><\/span><\/p>\n<\/div>\n<p><small><em><span class=\"html-span xdj266r x14z9mp xat24cr x1lziwak xexx8yu xyri2b x18d9i69 x1c1uobl x1hl2dhg x16tdsg8 x1vvkbs x4k7w5x x1h91t0o x1h9r5lt x1jfb8zj xv2umb2 x1beo9mf xaigb6o x12ejxvf x3igimt xarpa2k xedcshv x1lytzrv x1t2pt76 x7ja8zs x1qrby5j\"><span class=\"x193iq5w xeuugli x13faqbe x1vvkbs x1xmvt09 x1lliihq x1s928wv xhkezso x1gmr53x x1cpjm7i x1fgarty x1943h6x xudqn12 x3x7a5m x6prxxf xvq8zen xo1l8bm x14ctfv\" dir=\"auto\">Sprzeda\u017c dotyczy egzemplarza widocznego na zdj\u0119ciu<\/span><\/span><\/em><\/small><\/p>\n","protected":false},"featured_media":5335,"comment_status":"open","ping_status":"closed","template":"","meta":[],"product_brand":[],"product_cat":[34,121],"product_tag":[],"giftcard-category":[],"class_list":{"0":"post-5334","1":"product","2":"type-product","3":"status-publish","4":"has-post-thumbnail","6":"product_cat-kolczyki","7":"product_cat-seria-listek","9":"first","10":"instock","11":"sold-individually","12":"shipping-taxable","13":"purchasable","14":"product-type-simple"},"_links":{"self":[{"href":"https:\/\/pracownialadnychrzeczy.pl\/index.php\/wp-json\/wp\/v2\/product\/5334","targetHints":{"allow":["GET"]}}],"collection":[{"href":"https:\/\/pracownialadnychrzeczy.pl\/index.php\/wp-json\/wp\/v2\/product"}],"about":[{"href":"https:\/\/pracownialadnychrzeczy.pl\/index.php\/wp-json\/wp\/v2\/types\/product"}],"replies":[{"embeddable":true,"href":"https:\/\/pracownialadnychrzeczy.pl\/index.php\/wp-json\/wp\/v2\/comments?post=5334"}],"wp:featuredmedia":[{"embeddable":true,"href":"https:\/\/pracownialadnychrzeczy.pl\/index.php\/wp-json\/wp\/v2\/media\/5335"}],"wp:attachment":[{"href":"https:\/\/pracownialadnychrzeczy.pl\/index.php\/wp-json\/wp\/v2\/media?parent=5334"}],"wp:term":[{"taxonomy":"product_brand","embeddable":true,"href":"https:\/\/pracownialadnychrzeczy.pl\/index.php\/wp-json\/wp\/v2\/product_brand?post=5334"},{"taxonomy":"product_cat","embeddable":true,"href":"https:\/\/pracownialadnychrzeczy.pl\/index.php\/wp-json\/wp\/v2\/product_cat?post=5334"},{"taxonomy":"product_tag","embeddable":true,"href":"https:\/\/pracownialadnychrzeczy.pl\/index.php\/wp-json\/wp\/v2\/product_tag?post=5334"},{"taxonomy":"giftcard-category","embeddable":true,"href":"https:\/\/pracownialadnychrzeczy.pl\/index.php\/wp-json\/wp\/v2\/giftcard-category?post=5334"}],"curies":[{"name":"wp","href":"https:\/\/api.w.org\/{rel}","templated":true}]}}