{"id":5397,"date":"2026-03-10T20:39:24","date_gmt":"2026-03-10T20:39:24","guid":{"rendered":"https:\/\/pracownialadnychrzeczy.pl\/?post_type=product&#038;p=5397"},"modified":"2026-03-10T20:39:24","modified_gmt":"2026-03-10T20:39:24","slug":"broszka-z-hortensja","status":"publish","type":"product","link":"https:\/\/pracownialadnychrzeczy.pl\/index.php\/product\/broszka-z-hortensja\/","title":{"rendered":"Broszka z hortensj\u0105"},"content":{"rendered":"<p>Obszywana broszka z serii GRA\u017bYNA.<\/p>\n<p>Hortensja zatopiona w \u017cywicy. <span class=\"x193iq5w xeuugli x13faqbe x1vvkbs x1xmvt09 x1lliihq x1s928wv xhkezso x1gmr53x x1cpjm7i x1fgarty x1943h6x xudqn12 x3x7a5m x6prxxf xvq8zen xo1l8bm xzsf02u\" dir=\"auto\">Ca\u0142o\u015b\u0107 zosta\u0142a wyko\u0144czona haftem koralikowym.<\/span><\/p>\n<p><span class=\"x193iq5w xeuugli x13faqbe x1vvkbs x1xmvt09 x1lliihq x1s928wv xhkezso x1gmr53x x1cpjm7i x1fgarty x1943h6x xudqn12 x3x7a5m x6prxxf xvq8zen xo1l8bm xzsf02u x1yc453h\" dir=\"auto\">\u015arednica broszki &#8211; oko\u0142o 3,5 cm (z obszyciem)<\/span><\/p>\n<p>&nbsp;<\/p>\n<p><small><em><span class=\"html-span xdj266r x14z9mp xat24cr x1lziwak xexx8yu xyri2b x18d9i69 x1c1uobl x1hl2dhg x16tdsg8 x1vvkbs x4k7w5x x1h91t0o x1h9r5lt x1jfb8zj xv2umb2 x1beo9mf xaigb6o x12ejxvf x3igimt xarpa2k xedcshv x1lytzrv x1t2pt76 x7ja8zs x1qrby5j\"><span class=\"x193iq5w xeuugli x13faqbe x1vvkbs x1xmvt09 x1lliihq x1s928wv xhkezso x1gmr53x x1cpjm7i x1fgarty x1943h6x xudqn12 x3x7a5m x6prxxf xvq8zen xo1l8bm x14ctfv\" dir=\"auto\">Sprzeda\u017c dotyczy egzemplarza widocznego na zdj\u0119ciach.<\/span><\/span><\/em><\/small><\/p>\n","protected":false},"excerpt":{"rendered":"<p>Obszywana broszka z serii GRA\u017bYNA.<\/p>\n<p>Hortensja zatopiona w \u017cywicy. <span class=\"x193iq5w xeuugli x13faqbe x1vvkbs x1xmvt09 x1lliihq x1s928wv xhkezso x1gmr53x x1cpjm7i x1fgarty x1943h6x xudqn12 x3x7a5m x6prxxf xvq8zen xo1l8bm xzsf02u\" dir=\"auto\">Ca\u0142o\u015b\u0107 zosta\u0142a wyko\u0144czona haftem koralikowym.<\/span><\/p>\n<p><span class=\"x193iq5w xeuugli x13faqbe x1vvkbs x1xmvt09 x1lliihq x1s928wv xhkezso x1gmr53x x1cpjm7i x1fgarty x1943h6x xudqn12 x3x7a5m x6prxxf xvq8zen xo1l8bm xzsf02u x1yc453h\" dir=\"auto\">\u015arednica broszki &#8211; oko\u0142o 3,5 cm (z obszyciem)<\/span><\/p>\n<p><small><em><span class=\"html-span xdj266r x14z9mp xat24cr x1lziwak xexx8yu xyri2b x18d9i69 x1c1uobl x1hl2dhg x16tdsg8 x1vvkbs x4k7w5x x1h91t0o x1h9r5lt x1jfb8zj xv2umb2 x1beo9mf xaigb6o x12ejxvf x3igimt xarpa2k xedcshv x1lytzrv x1t2pt76 x7ja8zs x1qrby5j\"><span class=\"x193iq5w xeuugli x13faqbe x1vvkbs x1xmvt09 x1lliihq x1s928wv xhkezso x1gmr53x x1cpjm7i x1fgarty x1943h6x xudqn12 x3x7a5m x6prxxf xvq8zen xo1l8bm x14ctfv\" dir=\"auto\">Sprzeda\u017c dotyczy egzemplarza widocznego na zdj\u0119ciach.<\/span><\/span><\/em><\/small><\/p>\n","protected":false},"featured_media":5401,"comment_status":"open","ping_status":"closed","template":"","meta":[],"product_brand":[],"product_cat":[38,92],"product_tag":[],"giftcard-category":[],"class_list":{"0":"post-5397","1":"product","2":"type-product","3":"status-publish","4":"has-post-thumbnail","6":"product_cat-broszki","7":"product_cat-seria-grazyna","9":"first","10":"instock","11":"sold-individually","12":"shipping-taxable","13":"purchasable","14":"product-type-simple"},"_links":{"self":[{"href":"https:\/\/pracownialadnychrzeczy.pl\/index.php\/wp-json\/wp\/v2\/product\/5397","targetHints":{"allow":["GET"]}}],"collection":[{"href":"https:\/\/pracownialadnychrzeczy.pl\/index.php\/wp-json\/wp\/v2\/product"}],"about":[{"href":"https:\/\/pracownialadnychrzeczy.pl\/index.php\/wp-json\/wp\/v2\/types\/product"}],"replies":[{"embeddable":true,"href":"https:\/\/pracownialadnychrzeczy.pl\/index.php\/wp-json\/wp\/v2\/comments?post=5397"}],"wp:featuredmedia":[{"embeddable":true,"href":"https:\/\/pracownialadnychrzeczy.pl\/index.php\/wp-json\/wp\/v2\/media\/5401"}],"wp:attachment":[{"href":"https:\/\/pracownialadnychrzeczy.pl\/index.php\/wp-json\/wp\/v2\/media?parent=5397"}],"wp:term":[{"taxonomy":"product_brand","embeddable":true,"href":"https:\/\/pracownialadnychrzeczy.pl\/index.php\/wp-json\/wp\/v2\/product_brand?post=5397"},{"taxonomy":"product_cat","embeddable":true,"href":"https:\/\/pracownialadnychrzeczy.pl\/index.php\/wp-json\/wp\/v2\/product_cat?post=5397"},{"taxonomy":"product_tag","embeddable":true,"href":"https:\/\/pracownialadnychrzeczy.pl\/index.php\/wp-json\/wp\/v2\/product_tag?post=5397"},{"taxonomy":"giftcard-category","embeddable":true,"href":"https:\/\/pracownialadnychrzeczy.pl\/index.php\/wp-json\/wp\/v2\/giftcard-category?post=5397"}],"curies":[{"name":"wp","href":"https:\/\/api.w.org\/{rel}","templated":true}]}}